

{"id":259,"date":"2025-04-14T14:54:48","date_gmt":"2025-04-14T13:54:48","guid":{"rendered":"https:\/\/inoui.studio\/collection\/?post_type=product&#038;p=259"},"modified":"2025-04-14T14:59:58","modified_gmt":"2025-04-14T13:59:58","slug":"vase-vague","status":"publish","type":"product","link":"https:\/\/inoui.studio\/collection\/product\/vase-vague\/","title":{"rendered":"Vase &#8220;Vague&#8221;"},"content":{"rendered":"<p>Ce vase a \u00e9t\u00e9 fa\u00e7onn\u00e9 au tour puis \u00e9maill\u00e9 dans un email nude fait maison. <br \/>Sa forme arrondie est pleine de douceur. <\/p>\n<p>DIMENSIONS<br \/>13cm\u00d8 * 16 cm (h)<\/p>\n<p>ENTRETIEN<br \/>Nos pi\u00e8ces ont \u00e9t\u00e9 fa\u00e7onn\u00e9es avec amour et appr\u00e9cieront d&#8217;\u00eatre trait\u00e9es avec un peu de douceur <\/p>\n","protected":false},"excerpt":{"rendered":"<p>Vase nude tourn\u00e9 \u00e0 la main <\/p>\n","protected":false},"featured_media":207,"template":"","meta":[],"product_brand":[],"product_cat":[15],"product_tag":[],"class_list":{"0":"post-259","1":"product","2":"type-product","3":"status-publish","4":"has-post-thumbnail","6":"product_cat-non-classe","8":"first","9":"instock","10":"taxable","11":"shipping-taxable","12":"purchasable","13":"product-type-simple"},"yoast_head":"<!-- This site is optimized with the Yoast SEO Premium plugin v23.7 (Yoast SEO v27.5) - https:\/\/yoast.com\/product\/yoast-seo-premium-wordpress\/ -->\n<title>Vase &quot;Vague&quot; - Collection Inoui<\/title>\n<meta name=\"robots\" content=\"index, follow, max-snippet:-1, max-image-preview:large, max-video-preview:-1\" \/>\n<link rel=\"canonical\" href=\"https:\/\/inoui.studio\/collection\/product\/vase-vague\/\" \/>\n<meta property=\"og:locale\" content=\"fr_FR\" \/>\n<meta property=\"og:type\" content=\"article\" \/>\n<meta property=\"og:title\" content=\"Vase &quot;Vague&quot;\" \/>\n<meta property=\"og:description\" content=\"Vase nude tourn\u00e9 \u00e0 la main\" \/>\n<meta property=\"og:url\" content=\"https:\/\/inoui.studio\/collection\/product\/vase-vague\/\" \/>\n<meta property=\"og:site_name\" content=\"Collection Inoui\" \/>\n<meta property=\"article:modified_time\" content=\"2025-04-14T13:59:58+00:00\" \/>\n<meta name=\"twitter:card\" content=\"summary_large_image\" \/>\n<meta name=\"twitter:label1\" content=\"Prix\" \/>\n\t<meta name=\"twitter:data1\" content=\"75&nbsp;&euro;\" \/>\n\t<meta name=\"twitter:label2\" content=\"Disponibilit\u00e9\" \/>\n\t<meta name=\"twitter:data2\" content=\"En stock\" \/>\n<script type=\"application\/ld+json\" class=\"yoast-schema-graph\">{\"@context\":\"https:\\\/\\\/schema.org\",\"@graph\":[{\"@type\":[\"WebPage\",\"ItemPage\"],\"@id\":\"https:\\\/\\\/inoui.studio\\\/collection\\\/product\\\/vase-vague\\\/\",\"url\":\"https:\\\/\\\/inoui.studio\\\/collection\\\/product\\\/vase-vague\\\/\",\"name\":\"Vase \\\"Vague\\\" - Collection Inoui\",\"isPartOf\":{\"@id\":\"https:\\\/\\\/inoui.studio\\\/collection\\\/#website\"},\"primaryImageOfPage\":{\"@id\":\"https:\\\/\\\/inoui.studio\\\/collection\\\/product\\\/vase-vague\\\/#primaryimage\"},\"image\":{\"@id\":\"https:\\\/\\\/inoui.studio\\\/collection\\\/product\\\/vase-vague\\\/#primaryimage\"},\"thumbnailUrl\":\"https:\\\/\\\/inoui.studio\\\/collection\\\/wp-content\\\/uploads\\\/sites\\\/2\\\/2025\\\/04\\\/Inoui-Vase-Vague-2-scaled.jpg\",\"datePublished\":\"2025-04-14T13:54:48+00:00\",\"dateModified\":\"2025-04-14T13:59:58+00:00\",\"breadcrumb\":{\"@id\":\"https:\\\/\\\/inoui.studio\\\/collection\\\/product\\\/vase-vague\\\/#breadcrumb\"},\"inLanguage\":\"fr-FR\",\"potentialAction\":[{\"@type\":\"ReadAction\",\"target\":[\"https:\\\/\\\/inoui.studio\\\/collection\\\/product\\\/vase-vague\\\/\"]}]},{\"@type\":\"ImageObject\",\"inLanguage\":\"fr-FR\",\"@id\":\"https:\\\/\\\/inoui.studio\\\/collection\\\/product\\\/vase-vague\\\/#primaryimage\",\"url\":\"https:\\\/\\\/inoui.studio\\\/collection\\\/wp-content\\\/uploads\\\/sites\\\/2\\\/2025\\\/04\\\/Inoui-Vase-Vague-2-scaled.jpg\",\"contentUrl\":\"https:\\\/\\\/inoui.studio\\\/collection\\\/wp-content\\\/uploads\\\/sites\\\/2\\\/2025\\\/04\\\/Inoui-Vase-Vague-2-scaled.jpg\",\"width\":2048,\"height\":2560},{\"@type\":\"BreadcrumbList\",\"@id\":\"https:\\\/\\\/inoui.studio\\\/collection\\\/product\\\/vase-vague\\\/#breadcrumb\",\"itemListElement\":[{\"@type\":\"ListItem\",\"position\":1,\"name\":\"Home\",\"item\":\"https:\\\/\\\/inoui.studio\\\/collection\\\/\"},{\"@type\":\"ListItem\",\"position\":2,\"name\":\"Boutique\",\"item\":\"https:\\\/\\\/inoui.studio\\\/collection\\\/boutique\\\/\"},{\"@type\":\"ListItem\",\"position\":3,\"name\":\"Vase \u00ab\u00a0Vague\u00a0\u00bb\"}]},{\"@type\":\"WebSite\",\"@id\":\"https:\\\/\\\/inoui.studio\\\/collection\\\/#website\",\"url\":\"https:\\\/\\\/inoui.studio\\\/collection\\\/\",\"name\":\"Collection Inoui\",\"description\":\"\",\"publisher\":{\"@id\":\"https:\\\/\\\/inoui.studio\\\/collection\\\/#organization\"},\"potentialAction\":[{\"@type\":\"SearchAction\",\"target\":{\"@type\":\"EntryPoint\",\"urlTemplate\":\"https:\\\/\\\/inoui.studio\\\/collection\\\/?s={search_term_string}\"},\"query-input\":{\"@type\":\"PropertyValueSpecification\",\"valueRequired\":true,\"valueName\":\"search_term_string\"}}],\"inLanguage\":\"fr-FR\"},{\"@type\":\"Organization\",\"@id\":\"https:\\\/\\\/inoui.studio\\\/collection\\\/#organization\",\"name\":\"Collection Inoui\",\"url\":\"https:\\\/\\\/inoui.studio\\\/collection\\\/\",\"logo\":{\"@type\":\"ImageObject\",\"inLanguage\":\"fr-FR\",\"@id\":\"https:\\\/\\\/inoui.studio\\\/collection\\\/#\\\/schema\\\/logo\\\/image\\\/\",\"url\":\"https:\\\/\\\/inoui.studio\\\/collection\\\/wp-content\\\/uploads\\\/sites\\\/2\\\/2025\\\/03\\\/inoui_logo-medium_small.png\",\"contentUrl\":\"https:\\\/\\\/inoui.studio\\\/collection\\\/wp-content\\\/uploads\\\/sites\\\/2\\\/2025\\\/03\\\/inoui_logo-medium_small.png\",\"width\":895,\"height\":230,\"caption\":\"Collection Inoui\"},\"image\":{\"@id\":\"https:\\\/\\\/inoui.studio\\\/collection\\\/#\\\/schema\\\/logo\\\/image\\\/\"}}]}<\/script>\n<meta property=\"product:price:amount\" content=\"75\" \/>\n<meta property=\"product:price:currency\" content=\"EUR\" \/>\n<meta property=\"og:availability\" content=\"instock\" \/>\n<meta property=\"product:availability\" content=\"instock\" \/>\n<meta property=\"product:retailer_item_id\" content=\"vase-vague\" \/>\n<meta property=\"product:condition\" content=\"new\" \/>\n<!-- \/ Yoast SEO Premium plugin. -->","yoast_head_json":{"title":"Vase \"Vague\" - Collection Inoui","robots":{"index":"index","follow":"follow","max-snippet":"max-snippet:-1","max-image-preview":"max-image-preview:large","max-video-preview":"max-video-preview:-1"},"canonical":"https:\/\/inoui.studio\/collection\/product\/vase-vague\/","og_locale":"fr_FR","og_type":"article","og_title":"Vase \"Vague\"","og_description":"Vase nude tourn\u00e9 \u00e0 la main","og_url":"https:\/\/inoui.studio\/collection\/product\/vase-vague\/","og_site_name":"Collection Inoui","article_modified_time":"2025-04-14T13:59:58+00:00","twitter_card":"summary_large_image","twitter_misc":{"Prix":"75&nbsp;&euro;","Disponibilit\u00e9":"En stock"},"schema":{"@context":"https:\/\/schema.org","@graph":[{"@type":["WebPage","ItemPage"],"@id":"https:\/\/inoui.studio\/collection\/product\/vase-vague\/","url":"https:\/\/inoui.studio\/collection\/product\/vase-vague\/","name":"Vase \"Vague\" - Collection Inoui","isPartOf":{"@id":"https:\/\/inoui.studio\/collection\/#website"},"primaryImageOfPage":{"@id":"https:\/\/inoui.studio\/collection\/product\/vase-vague\/#primaryimage"},"image":{"@id":"https:\/\/inoui.studio\/collection\/product\/vase-vague\/#primaryimage"},"thumbnailUrl":"https:\/\/inoui.studio\/collection\/wp-content\/uploads\/sites\/2\/2025\/04\/Inoui-Vase-Vague-2-scaled.jpg","datePublished":"2025-04-14T13:54:48+00:00","dateModified":"2025-04-14T13:59:58+00:00","breadcrumb":{"@id":"https:\/\/inoui.studio\/collection\/product\/vase-vague\/#breadcrumb"},"inLanguage":"fr-FR","potentialAction":[{"@type":"ReadAction","target":["https:\/\/inoui.studio\/collection\/product\/vase-vague\/"]}]},{"@type":"ImageObject","inLanguage":"fr-FR","@id":"https:\/\/inoui.studio\/collection\/product\/vase-vague\/#primaryimage","url":"https:\/\/inoui.studio\/collection\/wp-content\/uploads\/sites\/2\/2025\/04\/Inoui-Vase-Vague-2-scaled.jpg","contentUrl":"https:\/\/inoui.studio\/collection\/wp-content\/uploads\/sites\/2\/2025\/04\/Inoui-Vase-Vague-2-scaled.jpg","width":2048,"height":2560},{"@type":"BreadcrumbList","@id":"https:\/\/inoui.studio\/collection\/product\/vase-vague\/#breadcrumb","itemListElement":[{"@type":"ListItem","position":1,"name":"Home","item":"https:\/\/inoui.studio\/collection\/"},{"@type":"ListItem","position":2,"name":"Boutique","item":"https:\/\/inoui.studio\/collection\/boutique\/"},{"@type":"ListItem","position":3,"name":"Vase \u00ab\u00a0Vague\u00a0\u00bb"}]},{"@type":"WebSite","@id":"https:\/\/inoui.studio\/collection\/#website","url":"https:\/\/inoui.studio\/collection\/","name":"Collection Inoui","description":"","publisher":{"@id":"https:\/\/inoui.studio\/collection\/#organization"},"potentialAction":[{"@type":"SearchAction","target":{"@type":"EntryPoint","urlTemplate":"https:\/\/inoui.studio\/collection\/?s={search_term_string}"},"query-input":{"@type":"PropertyValueSpecification","valueRequired":true,"valueName":"search_term_string"}}],"inLanguage":"fr-FR"},{"@type":"Organization","@id":"https:\/\/inoui.studio\/collection\/#organization","name":"Collection Inoui","url":"https:\/\/inoui.studio\/collection\/","logo":{"@type":"ImageObject","inLanguage":"fr-FR","@id":"https:\/\/inoui.studio\/collection\/#\/schema\/logo\/image\/","url":"https:\/\/inoui.studio\/collection\/wp-content\/uploads\/sites\/2\/2025\/03\/inoui_logo-medium_small.png","contentUrl":"https:\/\/inoui.studio\/collection\/wp-content\/uploads\/sites\/2\/2025\/03\/inoui_logo-medium_small.png","width":895,"height":230,"caption":"Collection Inoui"},"image":{"@id":"https:\/\/inoui.studio\/collection\/#\/schema\/logo\/image\/"}}]},"product_price_amount":"75","product_price_currency":"EUR","og_availability":"instock","product_availability":"instock","product_retailer_item_id":"vase-vague","product_condition":"new"},"_links":{"self":[{"href":"https:\/\/inoui.studio\/collection\/wp-json\/wp\/v2\/product\/259","targetHints":{"allow":["GET"]}}],"collection":[{"href":"https:\/\/inoui.studio\/collection\/wp-json\/wp\/v2\/product"}],"about":[{"href":"https:\/\/inoui.studio\/collection\/wp-json\/wp\/v2\/types\/product"}],"wp:featuredmedia":[{"embeddable":true,"href":"https:\/\/inoui.studio\/collection\/wp-json\/wp\/v2\/media\/207"}],"wp:attachment":[{"href":"https:\/\/inoui.studio\/collection\/wp-json\/wp\/v2\/media?parent=259"}],"wp:term":[{"taxonomy":"product_brand","embeddable":true,"href":"https:\/\/inoui.studio\/collection\/wp-json\/wp\/v2\/product_brand?post=259"},{"taxonomy":"product_cat","embeddable":true,"href":"https:\/\/inoui.studio\/collection\/wp-json\/wp\/v2\/product_cat?post=259"},{"taxonomy":"product_tag","embeddable":true,"href":"https:\/\/inoui.studio\/collection\/wp-json\/wp\/v2\/product_tag?post=259"}],"curies":[{"name":"wp","href":"https:\/\/api.w.org\/{rel}","templated":true}]}}